{"id":1678,"date":"2022-06-06T07:42:22","date_gmt":"2022-06-06T07:42:22","guid":{"rendered":"https:\/\/nicktesting.kinsta.cloud\/shopdiko1\/?page_id=10"},"modified":"2025-07-22T20:09:38","modified_gmt":"2025-07-22T20:09:38","slug":"carrito","status":"publish","type":"page","link":"https:\/\/fabfrenchiesny.com\/en\/carrito\/","title":{"rendered":"Carrito"},"content":{"rendered":"<div data-elementor-type=\"wp-page\" data-elementor-id=\"1678\" class=\"elementor elementor-1678\">\n\t\t\t\t\t\t<section class=\"elementor-section elementor-top-section elementor-element elementor-element-66f22496 elementor-section-boxed elementor-section-height-default elementor-section-height-default wpr-particle-no wpr-jarallax-no wpr-parallax-no wpr-sticky-section-no\" data-id=\"66f22496\" data-element_type=\"section\">\n\t\t\t\t\t\t<div class=\"elementor-container elementor-column-gap-default\">\n\t\t\t\t\t<div class=\"elementor-column elementor-col-100 elementor-top-column elementor-element elementor-element-27ed61d9\" data-id=\"27ed61d9\" data-element_type=\"column\">\n\t\t\t<div class=\"elementor-widget-wrap elementor-element-populated\">\n\t\t\t\t\t\t<div class=\"elementor-element elementor-element-00300b3 elementor-widget elementor-widget-heading\" data-id=\"00300b3\" data-element_type=\"widget\" data-widget_type=\"heading.default\">\n\t\t\t\t<div class=\"elementor-widget-container\">\n\t\t\t\t\t<h2 class=\"elementor-heading-title elementor-size-default\">Carrito<\/h2>\t\t\t\t<\/div>\n\t\t\t\t<\/div>\n\t\t\t\t\t<\/div>\n\t\t<\/div>\n\t\t\t\t\t<\/div>\n\t\t<\/section>\n\t\t\t\t<\/div>","protected":false},"excerpt":{"rendered":"<p>Carrito &nbsp; Producto &nbsp; Precio Cantidad Subtotal &times; Athena &#36;4,000.00 1 &#36;4,000.00 Actualizar Carrito Aplicar Cupon Total Subtotal &#36;4,000.00 Env\u00edo Free shipping Enviar a NY. Cambiar direcci\u00f3n Country \/ region Selecciona un pa\u00eds\/regi\u00f3n&hellip;Afganist\u00e1nAlbaniaAlemaniaAlgeriaAndorraAngolaAnguillaAnt\u00e1rtidaAntigua y BarbudaArabia SauditaArgentinaArmeniaArubaAustraliaAustriaAzerbaijanBahamasBahrainBangladeshBarbadosBelauB\u00e9lgicaBelizeBeninBermudaBhutanBielorrusiaBirmaniaBoliviaBonaire, San Eustaquio y SabaBosnia y HerzegovinaBotswanaBrasilBrun\u00e9iBulgariaBurkina FasoBurundiCabo VerdeCamboyaCamer\u00fanCanad\u00e1ChadChileChinaChipreCiudad del VaticanoColombiaComorasCongo (Brazzaville)Congo (Kinshasa)Corea del NorteCorea del SurCosta de MarfilCosta RicaCroaciaCubaCura&ccedil;aoDinamarcaDjiboutiDominicaEcuadorEgiptoEl SalvadorEmiratos \u00c1rabes UnidosEritreaEslovaquiaEsloveniaEspa\u00f1aEstados Unidos (EEUU)EstoniaEswatiniEtiop\u00edaFilipinasFinlandiaFiyiFranciaGab\u00f3nGambiaGeorgiaGhanaGibraltarGranadaGreciaGroenlandiaGuadalupeGuamGuatemalaGuayana FrancesaGuernseyGuineaGuinea EcuatorialGuinea-Bis\u00e1uGuyanaHait\u00edHondurasHong KongHungr\u00edaIndiaIndonesiaIrakIr\u00e1nIrlandaIsla BouvetIsla de ManIsla de NavidadIsla NorfolkIsla Santa ElenaIslandiaIslas \u00c5landIslas Caim\u00e1nIslas CocosIslas CookIslas de ultramar menores de Estados Unidos (EEUU)Islas FeroeIslas Georgias y Sandwich del SurIslas Heard y McDonaldIslas MalvinasIslas Marianas del NorteIslas MarshallIslas Salom\u00f3nIslas Turcas y CaicosIslas V\u00edrgenes (Brit\u00e1nicas)Islas V\u00edrgenes (EEUU)IsraelItaliaJamaicaJap\u00f3nJerseyJordaniaKazajist\u00e1nKeniaKirguist\u00e1nKiribatiKuwaitLaosLesotoLetoniaL\u00edbanoLiberiaLibiaLiechtensteinLituaniaLuxemburgoMacaoMacedonia del NorteMadagascarMalasiaMalauiMaldivasMal\u00edMaltaMarruecosMartinicaMauricioMauritaniaMayotteM\u00e9xicoMicronesiaMoldaviaM\u00f3nacoMongoliaMontenegroMontserratMozambiqueNamibiaNauruNepalNicaraguaN\u00edgerNigeriaNiueNoruegaNueva CaledoniaNueva ZelandaOm\u00e1nPa\u00edses BajosPakist\u00e1nPanam\u00e1Pap\u00faa Nueva GuineaParaguayPer\u00faPitcairnPolinesia FrancesaPoloniaPortugalPuerto RicoQatarReino Unido (UK)Rep\u00fablica CentroafricanaRep\u00fablica ChecaRep\u00fablica DominicanaReuni\u00f3nRuandaRumaniaRusiaSahara OccidentalSamoaSamoa AmericanaSan Bartolom\u00e9San Crist\u00f3bal y NievesSan MarinoSan Mart\u00edn (parte de Francia)San Mart\u00edn (parte de Holanda)San Pedro y Miquel\u00f3nSan Vicente y las GranadinasSanta Luc\u00edaSanto Tom\u00e9 y Pr\u00edncipeSenegalSerbiaSeychellesSierra LeonaSingapurSiriaSomaliaSri LankaSud\u00e1fricaSud\u00e1nSud\u00e1n del SurSueciaSuizaSurinamSvalbard y Jan MayenTailandiaTaiw\u00e1nTanzaniaTayikist\u00e1nTerritorio Brit\u00e1nico del Oc\u00e9ano \u00cdndicoTerritorios australes francesesTerritorios PalestinosTimor OrientalTogoTokelauTongaTrinidad y TobagoT\u00fanezTurkmenist\u00e1nTurqu\u00edaTuvaluUcraniaUgandaUruguayUzbekist\u00e1nVanuatuVenezuelaVietnamWallis y FutunaYemenZambiaZimbabue Regi\u00f3n \/ Estado Elige una opci\u00f3n&hellip;AlabamaAlaskaArizonaArkansasCaliforniaColoradoConnecticutDelawareDistrict of ColumbiaFloridaGeorgiaHawaiiIdahoIllinoisIndianaIowaKansasKentuckyLouisianaMaineMarylandMassachusettsMichiganMinnesotaMississippiMissouriMontanaNebraskaNevadaNew HampshireNew JerseyNew MexicoNew YorkNorth CarolinaNorth DakotaOhioOklahomaOregonPennsylvaniaRhode IslandSouth CarolinaSouth DakotaTennesseeTexasUtahVermontVirginiaWashingtonWest VirginiaWisconsinWyomingFuerzas Armadas (AA)Fuerzas Armadas USFuerzas Armadas US Ciudad: C\u00f3digo postal: Actualizar Total &#36;4,000.00 Proceder al Checkout<\/p>","protected":false},"author":2,"featured_media":0,"parent":0,"menu_order":0,"comment_status":"closed","ping_status":"closed","template":"elementor_canvas","meta":{"footnotes":""},"class_list":["post-1678","page","type-page","status-publish","hentry"],"yoast_head":"<!-- This site is optimized with the Yoast SEO plugin v25.3 - https:\/\/yoast.com\/wordpress\/plugins\/seo\/ -->\n<title>Carrito - Fabfrenchies<\/title>\n<meta name=\"robots\" content=\"index, follow, max-snippet:-1, max-image-preview:large, max-video-preview:-1\" \/>\n<link rel=\"canonical\" href=\"https:\/\/fabfrenchiesny.com\/en\/carrito\/\" \/>\n<meta property=\"og:locale\" content=\"en_US\" \/>\n<meta property=\"og:type\" content=\"article\" \/>\n<meta property=\"og:title\" content=\"Carrito - Fabfrenchies\" \/>\n<meta property=\"og:description\" content=\"Carrito &nbsp; Producto &nbsp; Precio Cantidad Subtotal &times; Athena &#036;4,000.00 1 &#036;4,000.00 Actualizar Carrito Aplicar Cupon Total Subtotal &#036;4,000.00 Env\u00edo Free shipping Enviar a NY. Cambiar direcci\u00f3n Country \/ region Selecciona un pa\u00eds\/regi\u00f3n&hellip;Afganist\u00e1nAlbaniaAlemaniaAlgeriaAndorraAngolaAnguillaAnt\u00e1rtidaAntigua y BarbudaArabia SauditaArgentinaArmeniaArubaAustraliaAustriaAzerbaijanBahamasBahrainBangladeshBarbadosBelauB\u00e9lgicaBelizeBeninBermudaBhutanBielorrusiaBirmaniaBoliviaBonaire, San Eustaquio y SabaBosnia y HerzegovinaBotswanaBrasilBrun\u00e9iBulgariaBurkina FasoBurundiCabo VerdeCamboyaCamer\u00fanCanad\u00e1ChadChileChinaChipreCiudad del VaticanoColombiaComorasCongo (Brazzaville)Congo (Kinshasa)Corea del NorteCorea del SurCosta de MarfilCosta RicaCroaciaCubaCura&ccedil;aoDinamarcaDjiboutiDominicaEcuadorEgiptoEl SalvadorEmiratos \u00c1rabes UnidosEritreaEslovaquiaEsloveniaEspa\u00f1aEstados Unidos (EEUU)EstoniaEswatiniEtiop\u00edaFilipinasFinlandiaFiyiFranciaGab\u00f3nGambiaGeorgiaGhanaGibraltarGranadaGreciaGroenlandiaGuadalupeGuamGuatemalaGuayana FrancesaGuernseyGuineaGuinea EcuatorialGuinea-Bis\u00e1uGuyanaHait\u00edHondurasHong KongHungr\u00edaIndiaIndonesiaIrakIr\u00e1nIrlandaIsla BouvetIsla de ManIsla de NavidadIsla NorfolkIsla Santa ElenaIslandiaIslas \u00c5landIslas Caim\u00e1nIslas CocosIslas CookIslas de ultramar menores de Estados Unidos (EEUU)Islas FeroeIslas Georgias y Sandwich del SurIslas Heard y McDonaldIslas MalvinasIslas Marianas del NorteIslas MarshallIslas Salom\u00f3nIslas Turcas y CaicosIslas V\u00edrgenes (Brit\u00e1nicas)Islas V\u00edrgenes (EEUU)IsraelItaliaJamaicaJap\u00f3nJerseyJordaniaKazajist\u00e1nKeniaKirguist\u00e1nKiribatiKuwaitLaosLesotoLetoniaL\u00edbanoLiberiaLibiaLiechtensteinLituaniaLuxemburgoMacaoMacedonia del NorteMadagascarMalasiaMalauiMaldivasMal\u00edMaltaMarruecosMartinicaMauricioMauritaniaMayotteM\u00e9xicoMicronesiaMoldaviaM\u00f3nacoMongoliaMontenegroMontserratMozambiqueNamibiaNauruNepalNicaraguaN\u00edgerNigeriaNiueNoruegaNueva CaledoniaNueva ZelandaOm\u00e1nPa\u00edses BajosPakist\u00e1nPanam\u00e1Pap\u00faa Nueva GuineaParaguayPer\u00faPitcairnPolinesia FrancesaPoloniaPortugalPuerto RicoQatarReino Unido (UK)Rep\u00fablica CentroafricanaRep\u00fablica ChecaRep\u00fablica DominicanaReuni\u00f3nRuandaRumaniaRusiaSahara OccidentalSamoaSamoa AmericanaSan Bartolom\u00e9San Crist\u00f3bal y NievesSan MarinoSan Mart\u00edn (parte de Francia)San Mart\u00edn (parte de Holanda)San Pedro y Miquel\u00f3nSan Vicente y las GranadinasSanta Luc\u00edaSanto Tom\u00e9 y Pr\u00edncipeSenegalSerbiaSeychellesSierra LeonaSingapurSiriaSomaliaSri LankaSud\u00e1fricaSud\u00e1nSud\u00e1n del SurSueciaSuizaSurinamSvalbard y Jan MayenTailandiaTaiw\u00e1nTanzaniaTayikist\u00e1nTerritorio Brit\u00e1nico del Oc\u00e9ano \u00cdndicoTerritorios australes francesesTerritorios PalestinosTimor OrientalTogoTokelauTongaTrinidad y TobagoT\u00fanezTurkmenist\u00e1nTurqu\u00edaTuvaluUcraniaUgandaUruguayUzbekist\u00e1nVanuatuVenezuelaVietnamWallis y FutunaYemenZambiaZimbabue Regi\u00f3n \/ Estado Elige una opci\u00f3n&hellip;AlabamaAlaskaArizonaArkansasCaliforniaColoradoConnecticutDelawareDistrict of ColumbiaFloridaGeorgiaHawaiiIdahoIllinoisIndianaIowaKansasKentuckyLouisianaMaineMarylandMassachusettsMichiganMinnesotaMississippiMissouriMontanaNebraskaNevadaNew HampshireNew JerseyNew MexicoNew YorkNorth CarolinaNorth DakotaOhioOklahomaOregonPennsylvaniaRhode IslandSouth CarolinaSouth DakotaTennesseeTexasUtahVermontVirginiaWashingtonWest VirginiaWisconsinWyomingFuerzas Armadas (AA)Fuerzas Armadas USFuerzas Armadas US Ciudad: C\u00f3digo postal: Actualizar Total &#036;4,000.00 Proceder al Checkout\" \/>\n<meta property=\"og:url\" content=\"https:\/\/fabfrenchiesny.com\/en\/carrito\/\" \/>\n<meta property=\"og:site_name\" content=\"Fabfrenchies\" \/>\n<meta property=\"article:publisher\" content=\"https:\/\/www.facebook.com\/profile.php?id=61565117796313\" \/>\n<meta property=\"article:modified_time\" content=\"2025-07-22T20:09:38+00:00\" \/>\n<meta property=\"og:image\" content=\"https:\/\/fabfrenchiesny.com\/wp-content\/uploads\/2025\/06\/1-7-300x300.jpg\" \/>\n<meta name=\"twitter:card\" content=\"summary_large_image\" \/>\n<meta name=\"twitter:label1\" content=\"Est. reading time\" \/>\n\t<meta name=\"twitter:data1\" content=\"1 minute\" \/>\n<script type=\"application\/ld+json\" class=\"yoast-schema-graph\">{\"@context\":\"https:\/\/schema.org\",\"@graph\":[{\"@type\":\"WebPage\",\"@id\":\"https:\/\/fabfrenchiesny.com\/carrito\/\",\"url\":\"https:\/\/fabfrenchiesny.com\/carrito\/\",\"name\":\"Carrito - Fabfrenchies\",\"isPartOf\":{\"@id\":\"https:\/\/fabfrenchiesny.com\/#website\"},\"primaryImageOfPage\":{\"@id\":\"https:\/\/fabfrenchiesny.com\/carrito\/#primaryimage\"},\"image\":{\"@id\":\"https:\/\/fabfrenchiesny.com\/carrito\/#primaryimage\"},\"thumbnailUrl\":\"https:\/\/fabfrenchiesny.com\/wp-content\/uploads\/2025\/06\/1-7-300x300.jpg\",\"datePublished\":\"2022-06-06T07:42:22+00:00\",\"dateModified\":\"2025-07-22T20:09:38+00:00\",\"breadcrumb\":{\"@id\":\"https:\/\/fabfrenchiesny.com\/carrito\/#breadcrumb\"},\"inLanguage\":\"en-US\",\"potentialAction\":[{\"@type\":\"ReadAction\",\"target\":[\"https:\/\/fabfrenchiesny.com\/carrito\/\"]}]},{\"@type\":\"ImageObject\",\"inLanguage\":\"en-US\",\"@id\":\"https:\/\/fabfrenchiesny.com\/carrito\/#primaryimage\",\"url\":\"https:\/\/fabfrenchiesny.com\/wp-content\/uploads\/2025\/06\/1-7-300x300.jpg\",\"contentUrl\":\"https:\/\/fabfrenchiesny.com\/wp-content\/uploads\/2025\/06\/1-7-300x300.jpg\"},{\"@type\":\"BreadcrumbList\",\"@id\":\"https:\/\/fabfrenchiesny.com\/carrito\/#breadcrumb\",\"itemListElement\":[{\"@type\":\"ListItem\",\"position\":1,\"name\":\"Inicio\",\"item\":\"https:\/\/fabfrenchiesny.com\/\"},{\"@type\":\"ListItem\",\"position\":2,\"name\":\"Carrito\"}]},{\"@type\":\"WebSite\",\"@id\":\"https:\/\/fabfrenchiesny.com\/#website\",\"url\":\"https:\/\/fabfrenchiesny.com\/\",\"name\":\"Fabfrenchies\",\"description\":\"Adquiere tu cachorro Frenchie con registro AKC, certificado veterinario, microchip y garant\u00eda de salud. Calidad, asesor\u00eda y entrega segura.\",\"publisher\":{\"@id\":\"https:\/\/fabfrenchiesny.com\/#organization\"},\"potentialAction\":[{\"@type\":\"SearchAction\",\"target\":{\"@type\":\"EntryPoint\",\"urlTemplate\":\"https:\/\/fabfrenchiesny.com\/?s={search_term_string}\"},\"query-input\":{\"@type\":\"PropertyValueSpecification\",\"valueRequired\":true,\"valueName\":\"search_term_string\"}}],\"inLanguage\":\"en-US\"},{\"@type\":\"Organization\",\"@id\":\"https:\/\/fabfrenchiesny.com\/#organization\",\"name\":\"Fabfrenchies\",\"url\":\"https:\/\/fabfrenchiesny.com\/\",\"logo\":{\"@type\":\"ImageObject\",\"inLanguage\":\"en-US\",\"@id\":\"https:\/\/fabfrenchiesny.com\/#\/schema\/logo\/image\/\",\"url\":\"https:\/\/fabfrenchiesny.com\/wp-content\/uploads\/2022\/06\/a90e76b7-d32e-4e43-a0a6-ea3147756d10-removebg-preview-e1746765737655.png\",\"contentUrl\":\"https:\/\/fabfrenchiesny.com\/wp-content\/uploads\/2022\/06\/a90e76b7-d32e-4e43-a0a6-ea3147756d10-removebg-preview-e1746765737655.png\",\"width\":379,\"height\":279,\"caption\":\"Fabfrenchies\"},\"image\":{\"@id\":\"https:\/\/fabfrenchiesny.com\/#\/schema\/logo\/image\/\"},\"sameAs\":[\"https:\/\/www.facebook.com\/profile.php?id=61565117796313\",\"https:\/\/www.instagram.com\/fab_frenchiesny\"]}]}<\/script>\n<!-- \/ Yoast SEO plugin. -->","yoast_head_json":{"title":"Carrito - Fabfrenchies","robots":{"index":"index","follow":"follow","max-snippet":"max-snippet:-1","max-image-preview":"max-image-preview:large","max-video-preview":"max-video-preview:-1"},"canonical":"https:\/\/fabfrenchiesny.com\/en\/carrito\/","og_locale":"en_US","og_type":"article","og_title":"Carrito - Fabfrenchies","og_description":"Carrito &nbsp; Producto &nbsp; Precio Cantidad Subtotal &times; Athena &#36;4,000.00 1 &#36;4,000.00 Actualizar Carrito Aplicar Cupon Total Subtotal &#36;4,000.00 Env\u00edo Free shipping Enviar a NY. Cambiar direcci\u00f3n Country \/ region Selecciona un pa\u00eds\/regi\u00f3n&hellip;Afganist\u00e1nAlbaniaAlemaniaAlgeriaAndorraAngolaAnguillaAnt\u00e1rtidaAntigua y BarbudaArabia SauditaArgentinaArmeniaArubaAustraliaAustriaAzerbaijanBahamasBahrainBangladeshBarbadosBelauB\u00e9lgicaBelizeBeninBermudaBhutanBielorrusiaBirmaniaBoliviaBonaire, San Eustaquio y SabaBosnia y HerzegovinaBotswanaBrasilBrun\u00e9iBulgariaBurkina FasoBurundiCabo VerdeCamboyaCamer\u00fanCanad\u00e1ChadChileChinaChipreCiudad del VaticanoColombiaComorasCongo (Brazzaville)Congo (Kinshasa)Corea del NorteCorea del SurCosta de MarfilCosta RicaCroaciaCubaCura&ccedil;aoDinamarcaDjiboutiDominicaEcuadorEgiptoEl SalvadorEmiratos \u00c1rabes UnidosEritreaEslovaquiaEsloveniaEspa\u00f1aEstados Unidos (EEUU)EstoniaEswatiniEtiop\u00edaFilipinasFinlandiaFiyiFranciaGab\u00f3nGambiaGeorgiaGhanaGibraltarGranadaGreciaGroenlandiaGuadalupeGuamGuatemalaGuayana FrancesaGuernseyGuineaGuinea EcuatorialGuinea-Bis\u00e1uGuyanaHait\u00edHondurasHong KongHungr\u00edaIndiaIndonesiaIrakIr\u00e1nIrlandaIsla BouvetIsla de ManIsla de NavidadIsla NorfolkIsla Santa ElenaIslandiaIslas \u00c5landIslas Caim\u00e1nIslas CocosIslas CookIslas de ultramar menores de Estados Unidos (EEUU)Islas FeroeIslas Georgias y Sandwich del SurIslas Heard y McDonaldIslas MalvinasIslas Marianas del NorteIslas MarshallIslas Salom\u00f3nIslas Turcas y CaicosIslas V\u00edrgenes (Brit\u00e1nicas)Islas V\u00edrgenes (EEUU)IsraelItaliaJamaicaJap\u00f3nJerseyJordaniaKazajist\u00e1nKeniaKirguist\u00e1nKiribatiKuwaitLaosLesotoLetoniaL\u00edbanoLiberiaLibiaLiechtensteinLituaniaLuxemburgoMacaoMacedonia del NorteMadagascarMalasiaMalauiMaldivasMal\u00edMaltaMarruecosMartinicaMauricioMauritaniaMayotteM\u00e9xicoMicronesiaMoldaviaM\u00f3nacoMongoliaMontenegroMontserratMozambiqueNamibiaNauruNepalNicaraguaN\u00edgerNigeriaNiueNoruegaNueva CaledoniaNueva ZelandaOm\u00e1nPa\u00edses BajosPakist\u00e1nPanam\u00e1Pap\u00faa Nueva GuineaParaguayPer\u00faPitcairnPolinesia FrancesaPoloniaPortugalPuerto RicoQatarReino Unido (UK)Rep\u00fablica CentroafricanaRep\u00fablica ChecaRep\u00fablica DominicanaReuni\u00f3nRuandaRumaniaRusiaSahara OccidentalSamoaSamoa AmericanaSan Bartolom\u00e9San Crist\u00f3bal y NievesSan MarinoSan Mart\u00edn (parte de Francia)San Mart\u00edn (parte de Holanda)San Pedro y Miquel\u00f3nSan Vicente y las GranadinasSanta Luc\u00edaSanto Tom\u00e9 y Pr\u00edncipeSenegalSerbiaSeychellesSierra LeonaSingapurSiriaSomaliaSri LankaSud\u00e1fricaSud\u00e1nSud\u00e1n del SurSueciaSuizaSurinamSvalbard y Jan MayenTailandiaTaiw\u00e1nTanzaniaTayikist\u00e1nTerritorio Brit\u00e1nico del Oc\u00e9ano \u00cdndicoTerritorios australes francesesTerritorios PalestinosTimor OrientalTogoTokelauTongaTrinidad y TobagoT\u00fanezTurkmenist\u00e1nTurqu\u00edaTuvaluUcraniaUgandaUruguayUzbekist\u00e1nVanuatuVenezuelaVietnamWallis y FutunaYemenZambiaZimbabue Regi\u00f3n \/ Estado Elige una opci\u00f3n&hellip;AlabamaAlaskaArizonaArkansasCaliforniaColoradoConnecticutDelawareDistrict of ColumbiaFloridaGeorgiaHawaiiIdahoIllinoisIndianaIowaKansasKentuckyLouisianaMaineMarylandMassachusettsMichiganMinnesotaMississippiMissouriMontanaNebraskaNevadaNew HampshireNew JerseyNew MexicoNew YorkNorth CarolinaNorth DakotaOhioOklahomaOregonPennsylvaniaRhode IslandSouth CarolinaSouth DakotaTennesseeTexasUtahVermontVirginiaWashingtonWest VirginiaWisconsinWyomingFuerzas Armadas (AA)Fuerzas Armadas USFuerzas Armadas US Ciudad: C\u00f3digo postal: Actualizar Total &#36;4,000.00 Proceder al Checkout","og_url":"https:\/\/fabfrenchiesny.com\/en\/carrito\/","og_site_name":"Fabfrenchies","article_publisher":"https:\/\/www.facebook.com\/profile.php?id=61565117796313","article_modified_time":"2025-07-22T20:09:38+00:00","og_image":[{"url":"https:\/\/fabfrenchiesny.com\/wp-content\/uploads\/2025\/06\/1-7-300x300.jpg","type":"","width":"","height":""}],"twitter_card":"summary_large_image","twitter_misc":{"Est. reading time":"1 minute"},"schema":{"@context":"https:\/\/schema.org","@graph":[{"@type":"WebPage","@id":"https:\/\/fabfrenchiesny.com\/carrito\/","url":"https:\/\/fabfrenchiesny.com\/carrito\/","name":"Carrito - Fabfrenchies","isPartOf":{"@id":"https:\/\/fabfrenchiesny.com\/#website"},"primaryImageOfPage":{"@id":"https:\/\/fabfrenchiesny.com\/carrito\/#primaryimage"},"image":{"@id":"https:\/\/fabfrenchiesny.com\/carrito\/#primaryimage"},"thumbnailUrl":"https:\/\/fabfrenchiesny.com\/wp-content\/uploads\/2025\/06\/1-7-300x300.jpg","datePublished":"2022-06-06T07:42:22+00:00","dateModified":"2025-07-22T20:09:38+00:00","breadcrumb":{"@id":"https:\/\/fabfrenchiesny.com\/carrito\/#breadcrumb"},"inLanguage":"en-US","potentialAction":[{"@type":"ReadAction","target":["https:\/\/fabfrenchiesny.com\/carrito\/"]}]},{"@type":"ImageObject","inLanguage":"en-US","@id":"https:\/\/fabfrenchiesny.com\/carrito\/#primaryimage","url":"https:\/\/fabfrenchiesny.com\/wp-content\/uploads\/2025\/06\/1-7-300x300.jpg","contentUrl":"https:\/\/fabfrenchiesny.com\/wp-content\/uploads\/2025\/06\/1-7-300x300.jpg"},{"@type":"BreadcrumbList","@id":"https:\/\/fabfrenchiesny.com\/carrito\/#breadcrumb","itemListElement":[{"@type":"ListItem","position":1,"name":"Inicio","item":"https:\/\/fabfrenchiesny.com\/"},{"@type":"ListItem","position":2,"name":"Carrito"}]},{"@type":"WebSite","@id":"https:\/\/fabfrenchiesny.com\/#website","url":"https:\/\/fabfrenchiesny.com\/","name":"Fabfrenchies","description":"Adquiere tu cachorro Frenchie con registro AKC, certificado veterinario, microchip y garant\u00eda de salud. Calidad, asesor\u00eda y entrega segura.","publisher":{"@id":"https:\/\/fabfrenchiesny.com\/#organization"},"potentialAction":[{"@type":"SearchAction","target":{"@type":"EntryPoint","urlTemplate":"https:\/\/fabfrenchiesny.com\/?s={search_term_string}"},"query-input":{"@type":"PropertyValueSpecification","valueRequired":true,"valueName":"search_term_string"}}],"inLanguage":"en-US"},{"@type":"Organization","@id":"https:\/\/fabfrenchiesny.com\/#organization","name":"Fabfrenchies","url":"https:\/\/fabfrenchiesny.com\/","logo":{"@type":"ImageObject","inLanguage":"en-US","@id":"https:\/\/fabfrenchiesny.com\/#\/schema\/logo\/image\/","url":"https:\/\/fabfrenchiesny.com\/wp-content\/uploads\/2022\/06\/a90e76b7-d32e-4e43-a0a6-ea3147756d10-removebg-preview-e1746765737655.png","contentUrl":"https:\/\/fabfrenchiesny.com\/wp-content\/uploads\/2022\/06\/a90e76b7-d32e-4e43-a0a6-ea3147756d10-removebg-preview-e1746765737655.png","width":379,"height":279,"caption":"Fabfrenchies"},"image":{"@id":"https:\/\/fabfrenchiesny.com\/#\/schema\/logo\/image\/"},"sameAs":["https:\/\/www.facebook.com\/profile.php?id=61565117796313","https:\/\/www.instagram.com\/fab_frenchiesny"]}]}},"_links":{"self":[{"href":"https:\/\/fabfrenchiesny.com\/en\/wp-json\/wp\/v2\/pages\/1678","targetHints":{"allow":["GET"]}}],"collection":[{"href":"https:\/\/fabfrenchiesny.com\/en\/wp-json\/wp\/v2\/pages"}],"about":[{"href":"https:\/\/fabfrenchiesny.com\/en\/wp-json\/wp\/v2\/types\/page"}],"author":[{"embeddable":true,"href":"https:\/\/fabfrenchiesny.com\/en\/wp-json\/wp\/v2\/users\/2"}],"replies":[{"embeddable":true,"href":"https:\/\/fabfrenchiesny.com\/en\/wp-json\/wp\/v2\/comments?post=1678"}],"version-history":[{"count":10,"href":"https:\/\/fabfrenchiesny.com\/en\/wp-json\/wp\/v2\/pages\/1678\/revisions"}],"predecessor-version":[{"id":2354,"href":"https:\/\/fabfrenchiesny.com\/en\/wp-json\/wp\/v2\/pages\/1678\/revisions\/2354"}],"wp:attachment":[{"href":"https:\/\/fabfrenchiesny.com\/en\/wp-json\/wp\/v2\/media?parent=1678"}],"curies":[{"name":"wp","href":"https:\/\/api.w.org\/{rel}","templated":true}]}}